{"id":513,"date":"2021-07-07T14:40:45","date_gmt":"2021-07-07T12:40:45","guid":{"rendered":"https:\/\/cfjc.fr\/?page_id=513"},"modified":"2021-07-13T15:11:44","modified_gmt":"2021-07-13T13:11:44","slug":"qui-sommes-nous","status":"publish","type":"page","link":"https:\/\/cfjc.fr\/en\/qui-sommes-nous\/","title":{"rendered":"Who are we"},"content":{"rendered":"<section class=\"cfjc-block cfjc-content\" style=\"background-color:#271593;color:#9cccff;\">\n  <div class=\"block-header image\"><img decoding=\"async\" src=\"https:\/\/cfjc.fr\/wp-content\/uploads\/2021\/06\/qui-sommes-nous-header.png\" \/><\/div><h4 class=\"block-subtitle\">Who are we<\/h4>  <div class=\"container\">\n    <h2 class=\"part margin-big\">Outsourced European Sales Team of investment solutions<\/h2><div class=\"part margin-big image-container\"><img decoding=\"async\" src=\"https:\/\/cfjc.fr\/wp-content\/uploads\/2021\/07\/shutterstock_1492079414-scaled.jpg\" alt=\"\" style=\"width:%;\" \/><div class=\"image-stripes\" style=\"background: repeating-linear-gradient(90deg, transparent, transparent 1.5rem, #9cccff 1.5rem, #9cccff 1.5667rem);\"><\/div><\/div><h4 class=\"part margin-small\">Our philosphy<\/h4><h2 class=\"part margin-small\">Beeing in a key position in the asset management industry between the fund managers and the investors, CFJC is a business facilitator and long-term relationships builder<\/h2><div class=\"part margin-big text\"><p>Independent, CFJC selects the best funds and most solid asset management companies to meet institutional investors\u2019 needs<\/p>\r\n<p>The CFJC team is composed of people with a wide diversity of experiences, which guarantees an excellent client service. Thus, CFJC has created a club: \u201c<em>Le Club Jacques C\u0153ur<\/em>\u201d, composed of experts from renowned European institutions, bankers and asset managers. Thanks to these experts\u2019 geopolitical insights, CFJC can provide a new long-term vision on the economy and the financial markets with investors.<\/p><\/div><h4 class=\"part margin-small\">Values<\/h4><div class=\"part margin-big keypoints\"><div class=\"keypoint\"><h3>Excellence<\/h3><p>Asset Management &#8211; Private Equity &#8211; Private Debt &#8211; Mezzanine &#8211; Immobilier &#8211; Infrastructure<\/p><\/div><div class=\"keypoint\"><h3>Long term<\/h3><p>Trust-based relationships with investors for several years<\/p><\/div><div class=\"keypoint\"><h3>Service<\/h3><p>A team dedicated to investors\u2019 needs, offering tailored investment solutions<\/p><\/div><div class=\"keypoint\"><h3>Independence<\/h3><p>A fair economic model based on independence vis-\u00e0-vis the various market players<\/p><\/div><\/div><h4 class=\"part margin-small\">Our structure<\/h4><div class=\"part margin-none text\"><p>Since 2011 , CFJC has been supervised by the ACPR (Autorit\u00e9 de Contr\u00f4le Prudentiel et de R\u00e9gulation) as an Investment Company (IE) and has been regulated by the AMF (French Financial Markets Authority ) as an Investment Service Provider (ISP). CFJC has demonstrated its sustainability, European regulatory standards compliance (KYC, minimum required capital, risk control and risk management, etc.) and has benefited from the European regulatory passport (LPS &#8211; Libre Prestation de Service) allowing a pan-European activity (France, Italy, Sweden, Norway, Denmark, Finland, Belgium, Luxembourg, Italy, Germany, Austria, Spain, etc.).<\/p><\/div>  <\/div>\n  <div class=\"cfjc-sidebar\"><div class=\"sidebar-top\"><a href=\"https:\/\/cfjc.fr\/en\/\">Compagnie Financi\u00e8re<br \/>\r\nJACQUES C\u0152UR<br \/><span class=\"subtitle\">Linking Investors &amp; Fund Managers<\/span><\/a><\/div><svg class=\"cfjc-logo\" width=\"240\" height=\"60\" viewBox=\"0 0 240 60\" fill=\"none\" xmlns=\"http:\/\/www.w3.org\/2000\/svg\">\n<path d=\"M30.5064 59.9915C23.8882 59.9915 18.3104 58.8509 13.7731 56.5698C9.34883 54.3918 5.74198 50.8391 3.48799 46.4393C1.16266 41.9907 0 36.5034 0 29.9772C0 20.2419 2.6622 12.8116 7.98659 7.6865C13.311 2.56137 20.7938 0.00180322 30.4349 0.00779052C35.5471 -0.0877407 40.6379 0.695932 45.4869 2.32488C49.4781 3.65098 52.9784 6.15491 55.5305 9.50963C57.9154 12.7128 59.1079 16.7363 59.1079 21.58H53.4735C53.4735 17.6344 52.5195 14.4551 50.6115 12.0423C48.5213 9.49629 45.7167 7.64064 42.5624 6.71656C38.5956 5.50351 34.4648 4.91872 30.3186 4.98323C25.9571 4.90355 21.6284 5.75454 17.6188 7.47994C13.9787 9.08879 10.9455 11.8231 8.96144 15.2844C6.88653 18.8348 5.84908 23.478 5.84908 29.2138V31.0729C5.84908 36.8087 6.90144 41.4249 9.00615 44.9215C11.0298 48.3399 14.0926 51.0157 17.744 52.5553C21.8166 54.229 26.1873 55.0481 30.5869 54.9622C34.7168 55.0488 38.8334 54.4635 42.777 53.2289C45.9024 52.2728 48.6694 50.3954 50.7189 47.8403C52.6209 45.4454 53.5719 42.311 53.5719 38.4372H59.2063C59.2063 43.3828 57.9721 47.4481 55.5037 50.6334C52.8716 53.9292 49.3368 56.3799 45.3349 57.6834C40.5571 59.2872 35.5435 60.0676 30.5064 59.9915Z\" fill=\"#9cccff\"\/>\n<path d=\"M73.8828 58.9313V1.02222H120.032V5.99766H79.5083V26.8514H116.83V31.746H79.5083V58.9313H73.8828Z\" fill=\"#9cccff\"\/>\n<path d=\"M144.582 59.9911C140.819 60.0876 137.078 59.3805 133.608 57.9165C130.692 56.6601 128.238 54.5223 126.587 51.8005C124.858 48.6529 124.017 45.0913 124.155 41.4993V39.7031H132.562V42.146C132.562 45.5228 133.611 48.1123 135.71 49.9145C137.808 51.7167 140.709 52.6147 144.412 52.6088C148.341 52.6088 151.382 51.4113 153.534 49.0164C155.687 46.6215 156.766 43.1339 156.772 38.5536V1.02222H165.367V37.7453C165.367 42.7447 164.541 46.8939 162.889 50.1929C161.359 53.3545 158.848 55.9323 155.734 57.5393C152.265 59.24 148.441 60.0807 144.582 59.9911Z\" fill=\"#9cccff\"\/>\n<path d=\"M211.077 59.9917C204.351 59.9917 198.687 58.878 194.084 56.6508C189.598 54.5633 185.92 51.0505 183.62 46.655C181.235 42.2124 180.058 36.6682 180.087 30.0223C180.087 20.1732 182.771 12.716 188.137 7.65073C193.503 2.58548 201.117 0.0378786 210.978 0.00794215C216.113 -0.0878022 221.222 0.739502 226.066 2.45076C230.106 3.86062 233.645 6.43069 236.244 9.84208C238.677 13.1291 239.902 17.2603 239.902 22.2088H231.406C231.534 19.1845 230.632 16.2065 228.848 13.7667C226.991 11.4753 224.502 9.78516 221.693 8.90806C218.198 7.80908 214.55 7.28441 210.889 7.35435C206.892 7.2706 202.925 8.06126 199.262 9.67144C195.998 11.1504 193.299 13.6525 191.571 16.8023C189.782 20.0175 188.888 24.0978 188.888 29.0433V30.9922C188.888 35.9976 189.797 40.0899 191.616 43.2691C193.375 46.3916 196.087 48.8633 199.352 50.3192C203.083 51.9177 207.111 52.6955 211.166 52.6003C214.83 52.6643 218.479 52.1273 221.97 51.0107C224.767 50.1443 227.241 48.4549 229.071 46.161C230.824 43.7376 231.712 40.7922 231.593 37.7998H240C240 42.7513 238.754 46.8585 236.262 50.1216C233.62 53.4934 230.078 56.0413 226.048 57.468C221.25 59.2087 216.178 60.0637 211.077 59.9917Z\" fill=\"#9cccff\"\/>\n<\/svg><\/div><\/section>\n\n<section class=\"cfjc-block cfjc-content\" style=\"background-color:#9cccff;color:#271593;\">\n  <h4 class=\"block-subtitle\">History<\/h4>  <div class=\"container\">\n    <h2 class=\"part margin-big\">Founded in 2003, Compagnie Financi\u00e8re Jacques Coeur has intermediated more than \u20ac 3 billion of investments. Thanks to its awareness of the market players\u2018 needs , CFJC has built a strong reputation and recognized experience for close to 20 years.<\/h2><div class=\"part margin-big timeline\"><div class=\"timeline-carousel owl-carousel\"><div class=\"date-slide\"><div class=\"date-stripes\" style=\"background: repeating-linear-gradient(90deg, transparent, transparent 1.5rem, #271593 1.5rem, #271593 1.633rem);\"><\/div><h4>Janvier 2019<\/h4><p>Marketing mandate for the BIT 3 fund from Anthilia, a fund dedicated to small and midcaps in Northern Italy. <\/p><\/div><div class=\"date-slide\"><div class=\"date-stripes\" style=\"background: repeating-linear-gradient(90deg, transparent, transparent 1.5rem, #271593 1.5rem, #271593 1.633rem);\"><\/div><h4>Janvier 2019<\/h4><p>Marketing mandate for the CDCF V fund from Colony Capital, a fund dedicated to opportunistic real estate in Europe and in the United States.<\/p><\/div><div class=\"date-slide\"><div class=\"date-stripes\" style=\"background: repeating-linear-gradient(90deg, transparent, transparent 1.5rem, #271593 1.5rem, #271593 1.633rem);\"><\/div><h4>Janvier 2019<\/h4><p>Marketing mandate for the Debt Fund 3 from CM-CIC.<br \/>\r\n<br \/>\r\n<\/p><\/div><div class=\"date-slide\"><div class=\"date-stripes\" style=\"background: repeating-linear-gradient(90deg, transparent, transparent 1.5rem, #271593 1.5rem, #271593 1.633rem);\"><\/div><h4>October 2017<\/h4><p>Marketing mandate for the Brownfields 3 fund, dedicated to urban wasteland rehabilitation.<\/p><\/div><div class=\"date-slide\"><div class=\"date-stripes\" style=\"background: repeating-linear-gradient(90deg, transparent, transparent 1.5rem, #271593 1.5rem, #271593 1.633rem);\"><\/div><h4>June 2017<\/h4><p>Marketing mandate for the European Debt Fund European Large Cap Senior Debt Fund from CM CIC Private Debt, a management company located in Belgium and Luxembourg.<\/p><\/div><div class=\"date-slide\"><div class=\"date-stripes\" style=\"background: repeating-linear-gradient(90deg, transparent, transparent 1.5rem, #271593 1.5rem, #271593 1.633rem);\"><\/div><h4>March 2017<\/h4><p>Signing of a new partnership with Mirae Asset Global Investments, an Asian management company which is dedicated to Asian and emerging countries investments. <\/p><\/div><div class=\"date-slide\"><div class=\"date-stripes\" style=\"background: repeating-linear-gradient(90deg, transparent, transparent 1.5rem, #271593 1.5rem, #271593 1.633rem);\"><\/div><h4>January 2017<\/h4><p>Signing of a partnership with the French management company Financi\u00e8re Arbevel to distribute the fund \u201cArbevel Private Equity Fund I\u201d. The fund is dedicated to the health science sector and invests in unquoted biotechnology companies.<\/p><\/div><div class=\"date-slide\"><div class=\"date-stripes\" style=\"background: repeating-linear-gradient(90deg, transparent, transparent 1.5rem, #271593 1.5rem, #271593 1.633rem);\"><\/div><h4>September 2016<\/h4><p>Signing of a partnership with the Danish management company CIP Copenhagen Infrastructure Partners.<\/p><\/div><div class=\"date-slide\"><div class=\"date-stripes\" style=\"background: repeating-linear-gradient(90deg, transparent, transparent 1.5rem, #271593 1.5rem, #271593 1.633rem);\"><\/div><h4>March 2016<\/h4><p>Pan-European marketing mandate for the CM CIC Mezzanine 4 fund<\/p><\/div><div class=\"date-slide\"><div class=\"date-stripes\" style=\"background: repeating-linear-gradient(90deg, transparent, transparent 1.5rem, #271593 1.5rem, #271593 1.633rem);\"><\/div><h4>February 2016<\/h4><p>Opening of our northern European branch in Stockholm<br \/>\r\n<br \/>\r\nCompagnie Financi\u00e8re Jacques C\u0153ur assists R\u00e9side Etudes to launch early Euro-PP repayments.<\/p><\/div><div class=\"date-slide\"><div class=\"date-stripes\" style=\"background: repeating-linear-gradient(90deg, transparent, transparent 1.5rem, #271593 1.5rem, #271593 1.633rem);\"><\/div><h4>November 2015<\/h4><p>Marketing of the Retail Park fund from the German company KanAm Grund and the French management company PAREF Gestion<\/p><\/div><div class=\"date-slide\"><div class=\"date-stripes\" style=\"background: repeating-linear-gradient(90deg, transparent, transparent 1.5rem, #271593 1.5rem, #271593 1.633rem);\"><\/div><h4>October 2015<\/h4><p>Opening of the Italian branch in Milan<br \/>\r\n<\/p><\/div><div class=\"date-slide\"><div class=\"date-stripes\" style=\"background: repeating-linear-gradient(90deg, transparent, transparent 1.5rem, #271593 1.5rem, #271593 1.633rem);\"><\/div><h4>September 2015<\/h4><p>Opening of the Belgian branch in Brussels<\/p><\/div><div class=\"date-slide\"><div class=\"date-stripes\" style=\"background: repeating-linear-gradient(90deg, transparent, transparent 1.5rem, #271593 1.5rem, #271593 1.633rem);\"><\/div><h4>July 2015<\/h4><p>Marketing in France and Europe of the Italian Private Equity fund Taste of Italy from Idea Capital, a fund specialized in the Italian food industry.<\/p><\/div><div class=\"date-slide\"><div class=\"date-stripes\" style=\"background: repeating-linear-gradient(90deg, transparent, transparent 1.5rem, #271593 1.5rem, #271593 1.633rem);\"><\/div><h4>January 2015<\/h4><p>Signing of a partnership with EVLI, one of Finland&#8217;s leading Asset Management companies<\/p><\/div><div class=\"date-slide\"><div class=\"date-stripes\" style=\"background: repeating-linear-gradient(90deg, transparent, transparent 1.5rem, #271593 1.5rem, #271593 1.633rem);\"><\/div><h4>November 2014<\/h4><p>Compagnie financi\u00e8re Jacques C\u0153ur markets the CM-CIC Debt Fund 1.<\/p><\/div><div class=\"date-slide\"><div class=\"date-stripes\" style=\"background: repeating-linear-gradient(90deg, transparent, transparent 1.5rem, #271593 1.5rem, #271593 1.633rem);\"><\/div><h4>October 2014<\/h4><p>Compagnie Financi\u00e8re Jacques C\u0153ur markets the Swedish asset manager Lannebo Fonder.<br \/>\r\n<\/p><\/div><div class=\"date-slide\"><div class=\"date-stripes\" style=\"background: repeating-linear-gradient(90deg, transparent, transparent 1.5rem, #271593 1.5rem, #271593 1.633rem);\"><\/div><h4>March 2014<\/h4><p>Marketing mandates for the Brownfields 2 fund dedicated to the regeneration of urban brownfields.<\/p><\/div><div class=\"date-slide\"><div class=\"date-stripes\" style=\"background: repeating-linear-gradient(90deg, transparent, transparent 1.5rem, #271593 1.5rem, #271593 1.633rem);\"><\/div><h4>February 2014<\/h4><p>Marketing mandates for the private equity fund Robolution Capital I<\/p><\/div><div class=\"date-slide\"><div class=\"date-stripes\" style=\"background: repeating-linear-gradient(90deg, transparent, transparent 1.5rem, #271593 1.5rem, #271593 1.633rem);\"><\/div><h4>September 2013<\/h4><p>Marketing of the Private Equity fund Capital Export<\/p><\/div><div class=\"date-slide\"><div class=\"date-stripes\" style=\"background: repeating-linear-gradient(90deg, transparent, transparent 1.5rem, #271593 1.5rem, #271593 1.633rem);\"><\/div><h4>September 2013<\/h4><p>Marketing of the Private Equity fund Hi Inov<\/p><\/div><div class=\"date-slide\"><div class=\"date-stripes\" style=\"background: repeating-linear-gradient(90deg, transparent, transparent 1.5rem, #271593 1.5rem, #271593 1.633rem);\"><\/div><h4>March 2013<\/h4><p>First marketing mandate with CM CIC Private Debt for the CIC Mezzanine 3 fund<\/p><\/div><div class=\"date-slide\"><div class=\"date-stripes\" style=\"background: repeating-linear-gradient(90deg, transparent, transparent 1.5rem, #271593 1.5rem, #271593 1.633rem);\"><\/div><h4>March 2012<\/h4><p>Compagnie Financi\u00e8re Jacques C\u0153ur markets the Asset Management company Montmartre Asset Management<br \/>\r\n<br \/>\r\n<\/p><\/div><div class=\"date-slide\"><div class=\"date-stripes\" style=\"background: repeating-linear-gradient(90deg, transparent, transparent 1.5rem, #271593 1.5rem, #271593 1.633rem);\"><\/div><h4>June 2012<\/h4><p>Compagnie Financi\u00e8re Jacques C\u0153ur begins marketing a number of Idinvest Partners funds in France.<br \/>\r\n<\/p><\/div><div class=\"date-slide\"><div class=\"date-stripes\" style=\"background: repeating-linear-gradient(90deg, transparent, transparent 1.5rem, #271593 1.5rem, #271593 1.633rem);\"><\/div><h4>January 2012<\/h4><p>Compagnie Financi\u00e8re Jacques C\u0153ur begins marketing institutional shares of specialized managers (closed-end funds) in Private Debt &#8211; Mezzanine Debt &#8211; Private Equity &#8211; Real Estate &#8211; Infrastructure.<br \/>\r\n<\/p><\/div><div class=\"date-slide\"><div class=\"date-stripes\" style=\"background: repeating-linear-gradient(90deg, transparent, transparent 1.5rem, #271593 1.5rem, #271593 1.633rem);\"><\/div><h4>May 2011<\/h4><p>First arrangement mandate for placing a private bond issue. Several other placement operations have been carried out since then.<br \/>\r\n<\/p><\/div><div class=\"date-slide\"><div class=\"date-stripes\" style=\"background: repeating-linear-gradient(90deg, transparent, transparent 1.5rem, #271593 1.5rem, #271593 1.633rem);\"><\/div><h4>February 2011<\/h4><p>Compagnie Financi\u00e8re Jacques C\u0153ur receives approval from the ACPR and becomes a firm specialised in investment advisory services and unsecured placements of financial instruments.<br \/>\r\n<\/p><\/div><div class=\"date-slide\"><div class=\"date-stripes\" style=\"background: repeating-linear-gradient(90deg, transparent, transparent 1.5rem, #271593 1.5rem, #271593 1.633rem);\"><\/div><h4>August 2009<\/h4><p>Signing of a partnership with the English Asset Manager M&#038;G.<br \/>\r\n<br \/>\r\n<\/p><\/div><div class=\"date-slide\"><div class=\"date-stripes\" style=\"background: repeating-linear-gradient(90deg, transparent, transparent 1.5rem, #271593 1.5rem, #271593 1.633rem);\"><\/div><h4>February 2006<\/h4><p>Signing of a partnership with the Swedish Asset Management company East Capital.<br \/>\r\n<br \/>\r\n<\/p><\/div><div class=\"date-slide\"><div class=\"date-stripes\" style=\"background: repeating-linear-gradient(90deg, transparent, transparent 1.5rem, #271593 1.5rem, #271593 1.633rem);\"><\/div><h4>November 2003<\/h4><p>The Compagnie Financi\u00e8re is founded by Fran\u00e7ois-Xavier Bouis.<\/p><\/div><\/div><\/div><h2 class=\"part margin-big\">Do you want to know more <br \/>\r\nabout our company ?<\/h2><a class=\"part margin-none cfjc-button\" href=\"https:\/\/cfjc.fr\/en\/qui-sommes-nous\/\">Contact us<\/a>  <\/div>\n  <div class=\"cfjc-sidebar\"><div class=\"sidebar-top\"><a href=\"https:\/\/cfjc.fr\/en\/\">Compagnie Financi\u00e8re<br \/>\r\nJACQUES C\u0152UR<br \/><span class=\"subtitle\">Linking Investors &amp; Fund Managers<\/span><\/a><\/div><svg class=\"cfjc-logo\" width=\"240\" height=\"60\" viewBox=\"0 0 240 60\" fill=\"none\" xmlns=\"http:\/\/www.w3.org\/2000\/svg\">\n<path d=\"M30.5064 59.9915C23.8882 59.9915 18.3104 58.8509 13.7731 56.5698C9.34883 54.3918 5.74198 50.8391 3.48799 46.4393C1.16266 41.9907 0 36.5034 0 29.9772C0 20.2419 2.6622 12.8116 7.98659 7.6865C13.311 2.56137 20.7938 0.00180322 30.4349 0.00779052C35.5471 -0.0877407 40.6379 0.695932 45.4869 2.32488C49.4781 3.65098 52.9784 6.15491 55.5305 9.50963C57.9154 12.7128 59.1079 16.7363 59.1079 21.58H53.4735C53.4735 17.6344 52.5195 14.4551 50.6115 12.0423C48.5213 9.49629 45.7167 7.64064 42.5624 6.71656C38.5956 5.50351 34.4648 4.91872 30.3186 4.98323C25.9571 4.90355 21.6284 5.75454 17.6188 7.47994C13.9787 9.08879 10.9455 11.8231 8.96144 15.2844C6.88653 18.8348 5.84908 23.478 5.84908 29.2138V31.0729C5.84908 36.8087 6.90144 41.4249 9.00615 44.9215C11.0298 48.3399 14.0926 51.0157 17.744 52.5553C21.8166 54.229 26.1873 55.0481 30.5869 54.9622C34.7168 55.0488 38.8334 54.4635 42.777 53.2289C45.9024 52.2728 48.6694 50.3954 50.7189 47.8403C52.6209 45.4454 53.5719 42.311 53.5719 38.4372H59.2063C59.2063 43.3828 57.9721 47.4481 55.5037 50.6334C52.8716 53.9292 49.3368 56.3799 45.3349 57.6834C40.5571 59.2872 35.5435 60.0676 30.5064 59.9915Z\" fill=\"#271593\"\/>\n<path d=\"M73.8828 58.9313V1.02222H120.032V5.99766H79.5083V26.8514H116.83V31.746H79.5083V58.9313H73.8828Z\" fill=\"#271593\"\/>\n<path d=\"M144.582 59.9911C140.819 60.0876 137.078 59.3805 133.608 57.9165C130.692 56.6601 128.238 54.5223 126.587 51.8005C124.858 48.6529 124.017 45.0913 124.155 41.4993V39.7031H132.562V42.146C132.562 45.5228 133.611 48.1123 135.71 49.9145C137.808 51.7167 140.709 52.6147 144.412 52.6088C148.341 52.6088 151.382 51.4113 153.534 49.0164C155.687 46.6215 156.766 43.1339 156.772 38.5536V1.02222H165.367V37.7453C165.367 42.7447 164.541 46.8939 162.889 50.1929C161.359 53.3545 158.848 55.9323 155.734 57.5393C152.265 59.24 148.441 60.0807 144.582 59.9911Z\" fill=\"#271593\"\/>\n<path d=\"M211.077 59.9917C204.351 59.9917 198.687 58.878 194.084 56.6508C189.598 54.5633 185.92 51.0505 183.62 46.655C181.235 42.2124 180.058 36.6682 180.087 30.0223C180.087 20.1732 182.771 12.716 188.137 7.65073C193.503 2.58548 201.117 0.0378786 210.978 0.00794215C216.113 -0.0878022 221.222 0.739502 226.066 2.45076C230.106 3.86062 233.645 6.43069 236.244 9.84208C238.677 13.1291 239.902 17.2603 239.902 22.2088H231.406C231.534 19.1845 230.632 16.2065 228.848 13.7667C226.991 11.4753 224.502 9.78516 221.693 8.90806C218.198 7.80908 214.55 7.28441 210.889 7.35435C206.892 7.2706 202.925 8.06126 199.262 9.67144C195.998 11.1504 193.299 13.6525 191.571 16.8023C189.782 20.0175 188.888 24.0978 188.888 29.0433V30.9922C188.888 35.9976 189.797 40.0899 191.616 43.2691C193.375 46.3916 196.087 48.8633 199.352 50.3192C203.083 51.9177 207.111 52.6955 211.166 52.6003C214.83 52.6643 218.479 52.1273 221.97 51.0107C224.767 50.1443 227.241 48.4549 229.071 46.161C230.824 43.7376 231.712 40.7922 231.593 37.7998H240C240 42.7513 238.754 46.8585 236.262 50.1216C233.62 53.4934 230.078 56.0413 226.048 57.468C221.25 59.2087 216.178 60.0637 211.077 59.9917Z\" fill=\"#271593\"\/>\n<\/svg><\/div><\/section>","protected":false},"excerpt":{"rendered":"","protected":false},"author":3,"featured_media":0,"parent":0,"menu_order":0,"comment_status":"closed","ping_status":"closed","template":"","meta":{"footnotes":""},"class_list":["post-513","page","type-page","status-publish","hentry"],"yoast_head":"<!-- This site is optimized with the Yoast SEO plugin v26.2 - https:\/\/yoast.com\/wordpress\/plugins\/seo\/ -->\n<title>Qui sommes nous - CFJC<\/title>\n<meta name=\"description\" content=\"Promote innovative funds to European investors. Outsourced European Sales Team of investment solutions\" \/>\n<meta name=\"robots\" content=\"index, follow, max-snippet:-1, max-image-preview:large, max-video-preview:-1\" \/>\n<link rel=\"canonical\" href=\"https:\/\/cfjc.fr\/en\/qui-sommes-nous\/\" \/>\n<meta property=\"og:locale\" content=\"en_US\" \/>\n<meta property=\"og:type\" content=\"article\" \/>\n<meta property=\"og:title\" content=\"Qui sommes nous - CFJC\" \/>\n<meta property=\"og:description\" content=\"Promote innovative funds to European investors. Outsourced European Sales Team of investment solutions\" \/>\n<meta property=\"og:url\" content=\"https:\/\/cfjc.fr\/en\/qui-sommes-nous\/\" \/>\n<meta property=\"og:site_name\" content=\"CFJC\" \/>\n<meta property=\"article:modified_time\" content=\"2021-07-13T13:11:44+00:00\" \/>\n<meta name=\"twitter:card\" content=\"summary_large_image\" \/>\n<meta name=\"twitter:site\" content=\"@CFJC_\" \/>\n<script type=\"application\/ld+json\" class=\"yoast-schema-graph\">{\"@context\":\"https:\/\/schema.org\",\"@graph\":[{\"@type\":\"WebPage\",\"@id\":\"https:\/\/cfjc.fr\/en\/qui-sommes-nous\/\",\"url\":\"https:\/\/cfjc.fr\/en\/qui-sommes-nous\/\",\"name\":\"Qui sommes nous - CFJC\",\"isPartOf\":{\"@id\":\"https:\/\/cfjc.fr\/#website\"},\"datePublished\":\"2021-07-07T12:40:45+00:00\",\"dateModified\":\"2021-07-13T13:11:44+00:00\",\"description\":\"Promote innovative funds to European investors. Outsourced European Sales Team of investment solutions\",\"inLanguage\":\"en-US\",\"potentialAction\":[{\"@type\":\"ReadAction\",\"target\":[\"https:\/\/cfjc.fr\/en\/qui-sommes-nous\/\"]}]},{\"@type\":\"WebSite\",\"@id\":\"https:\/\/cfjc.fr\/#website\",\"url\":\"https:\/\/cfjc.fr\/\",\"name\":\"CFJC\",\"description\":\"Compagnie Financi\u00e8re JACQUES C\u0152UR\",\"potentialAction\":[{\"@type\":\"SearchAction\",\"target\":{\"@type\":\"EntryPoint\",\"urlTemplate\":\"https:\/\/cfjc.fr\/?s={search_term_string}\"},\"query-input\":{\"@type\":\"PropertyValueSpecification\",\"valueRequired\":true,\"valueName\":\"search_term_string\"}}],\"inLanguage\":\"en-US\"}]}<\/script>\n<!-- \/ Yoast SEO plugin. -->","yoast_head_json":{"title":"Qui sommes nous - CFJC","description":"Promote innovative funds to European investors. Outsourced European Sales Team of investment solutions","robots":{"index":"index","follow":"follow","max-snippet":"max-snippet:-1","max-image-preview":"max-image-preview:large","max-video-preview":"max-video-preview:-1"},"canonical":"https:\/\/cfjc.fr\/en\/qui-sommes-nous\/","og_locale":"en_US","og_type":"article","og_title":"Qui sommes nous - CFJC","og_description":"Promote innovative funds to European investors. Outsourced European Sales Team of investment solutions","og_url":"https:\/\/cfjc.fr\/en\/qui-sommes-nous\/","og_site_name":"CFJC","article_modified_time":"2021-07-13T13:11:44+00:00","twitter_card":"summary_large_image","twitter_site":"@CFJC_","schema":{"@context":"https:\/\/schema.org","@graph":[{"@type":"WebPage","@id":"https:\/\/cfjc.fr\/en\/qui-sommes-nous\/","url":"https:\/\/cfjc.fr\/en\/qui-sommes-nous\/","name":"Qui sommes nous - CFJC","isPartOf":{"@id":"https:\/\/cfjc.fr\/#website"},"datePublished":"2021-07-07T12:40:45+00:00","dateModified":"2021-07-13T13:11:44+00:00","description":"Promote innovative funds to European investors. Outsourced European Sales Team of investment solutions","inLanguage":"en-US","potentialAction":[{"@type":"ReadAction","target":["https:\/\/cfjc.fr\/en\/qui-sommes-nous\/"]}]},{"@type":"WebSite","@id":"https:\/\/cfjc.fr\/#website","url":"https:\/\/cfjc.fr\/","name":"CFJC","description":"Compagnie Financi\u00e8re JACQUES C\u0152UR","potentialAction":[{"@type":"SearchAction","target":{"@type":"EntryPoint","urlTemplate":"https:\/\/cfjc.fr\/?s={search_term_string}"},"query-input":{"@type":"PropertyValueSpecification","valueRequired":true,"valueName":"search_term_string"}}],"inLanguage":"en-US"}]}},"meta_box":[],"_links":{"self":[{"href":"https:\/\/cfjc.fr\/en\/wp-json\/wp\/v2\/pages\/513","targetHints":{"allow":["GET"]}}],"collection":[{"href":"https:\/\/cfjc.fr\/en\/wp-json\/wp\/v2\/pages"}],"about":[{"href":"https:\/\/cfjc.fr\/en\/wp-json\/wp\/v2\/types\/page"}],"author":[{"embeddable":true,"href":"https:\/\/cfjc.fr\/en\/wp-json\/wp\/v2\/users\/3"}],"replies":[{"embeddable":true,"href":"https:\/\/cfjc.fr\/en\/wp-json\/wp\/v2\/comments?post=513"}],"version-history":[{"count":5,"href":"https:\/\/cfjc.fr\/en\/wp-json\/wp\/v2\/pages\/513\/revisions"}],"predecessor-version":[{"id":639,"href":"https:\/\/cfjc.fr\/en\/wp-json\/wp\/v2\/pages\/513\/revisions\/639"}],"wp:attachment":[{"href":"https:\/\/cfjc.fr\/en\/wp-json\/wp\/v2\/media?parent=513"}],"curies":[{"name":"wp","href":"https:\/\/api.w.org\/{rel}","templated":true}]}}